{"id":58,"date":"2023-03-21T09:38:11","date_gmt":"2023-03-21T09:38:11","guid":{"rendered":"https:\/\/colsman-forming.com\/?page_id=58"},"modified":"2026-03-06T10:04:55","modified_gmt":"2026-03-06T10:04:55","slug":"oberflaechenbearbeitung","status":"publish","type":"page","link":"https:\/\/colsman-forming.com\/en\/kompetenzen\/oberflaechenbearbeitung\/","title":{"rendered":"Surface treatment"},"content":{"rendered":"","protected":false},"excerpt":{"rendered":"","protected":false},"author":1,"featured_media":0,"parent":295,"menu_order":13,"comment_status":"closed","ping_status":"closed","template":"","meta":{"_acf_changed":false,"_seopress_robots_primary_cat":"","_seopress_titles_title":"Colsman \u2014 Perfekte Oberfl\u00e4chen f\u00fcr h\u00f6chste Anspr\u00fcche","_seopress_titles_desc":"Optimale Oberfl\u00e4chenbearbeitung f\u00fcr Funktionalit\u00e4t und \u00c4sthetik: Colsman veredelt Metallbauteile durch Polieren, Beschichten und weitere Verfahren \u2013 pr\u00e4zise und langlebig.","_seopress_robots_index":"","footnotes":""},"class_list":["post-58","page","type-page","status-publish","hentry"],"acf":[],"_links":{"self":[{"href":"https:\/\/colsman-forming.com\/en\/wp-json\/wp\/v2\/pages\/58","targetHints":{"allow":["GET"]}}],"collection":[{"href":"https:\/\/colsman-forming.com\/en\/wp-json\/wp\/v2\/pages"}],"about":[{"href":"https:\/\/colsman-forming.com\/en\/wp-json\/wp\/v2\/types\/page"}],"author":[{"embeddable":true,"href":"https:\/\/colsman-forming.com\/en\/wp-json\/wp\/v2\/users\/1"}],"replies":[{"embeddable":true,"href":"https:\/\/colsman-forming.com\/en\/wp-json\/wp\/v2\/comments?post=58"}],"version-history":[{"count":2,"href":"https:\/\/colsman-forming.com\/en\/wp-json\/wp\/v2\/pages\/58\/revisions"}],"predecessor-version":[{"id":352,"href":"https:\/\/colsman-forming.com\/en\/wp-json\/wp\/v2\/pages\/58\/revisions\/352"}],"up":[{"embeddable":true,"href":"https:\/\/colsman-forming.com\/en\/wp-json\/wp\/v2\/pages\/295"}],"wp:attachment":[{"href":"https:\/\/colsman-forming.com\/en\/wp-json\/wp\/v2\/media?parent=58"}],"curies":[{"name":"wp","href":"https:\/\/api.w.org\/{rel}","templated":true}]}}