{"id":57,"date":"2023-03-21T09:38:11","date_gmt":"2023-03-21T09:38:11","guid":{"rendered":"https:\/\/colsman-forming.com\/?page_id=57"},"modified":"2026-04-01T07:09:38","modified_gmt":"2026-04-01T07:09:38","slug":"fuegeoperationen","status":"publish","type":"page","link":"https:\/\/colsman-forming.com\/en\/kompetenzen\/fuegeoperationen\/","title":{"rendered":"Joining operations"},"content":{"rendered":"","protected":false},"excerpt":{"rendered":"","protected":false},"author":1,"featured_media":0,"parent":295,"menu_order":12,"comment_status":"closed","ping_status":"closed","template":"","meta":{"_acf_changed":false,"_seopress_robots_primary_cat":"","_seopress_titles_title":"Colsman \u2014 F\u00fcgeoperationen f\u00fcr starke Verbindungen","_seopress_titles_desc":"Zuverl\u00e4ssige Verbindungstechniken f\u00fcr h\u00f6chste Belastbarkeit: Colsman setzt auf pr\u00e4zise F\u00fcgeoperationen wie Schwei\u00dfen, L\u00f6ten und Nieten f\u00fcr langlebige Metallbauteile.","_seopress_robots_index":"","footnotes":""},"class_list":["post-57","page","type-page","status-publish","hentry"],"acf":[],"_links":{"self":[{"href":"https:\/\/colsman-forming.com\/en\/wp-json\/wp\/v2\/pages\/57","targetHints":{"allow":["GET"]}}],"collection":[{"href":"https:\/\/colsman-forming.com\/en\/wp-json\/wp\/v2\/pages"}],"about":[{"href":"https:\/\/colsman-forming.com\/en\/wp-json\/wp\/v2\/types\/page"}],"author":[{"embeddable":true,"href":"https:\/\/colsman-forming.com\/en\/wp-json\/wp\/v2\/users\/1"}],"replies":[{"embeddable":true,"href":"https:\/\/colsman-forming.com\/en\/wp-json\/wp\/v2\/comments?post=57"}],"version-history":[{"count":1,"href":"https:\/\/colsman-forming.com\/en\/wp-json\/wp\/v2\/pages\/57\/revisions"}],"predecessor-version":[{"id":305,"href":"https:\/\/colsman-forming.com\/en\/wp-json\/wp\/v2\/pages\/57\/revisions\/305"}],"up":[{"embeddable":true,"href":"https:\/\/colsman-forming.com\/en\/wp-json\/wp\/v2\/pages\/295"}],"wp:attachment":[{"href":"https:\/\/colsman-forming.com\/en\/wp-json\/wp\/v2\/media?parent=57"}],"curies":[{"name":"wp","href":"https:\/\/api.w.org\/{rel}","templated":true}]}}