{"id":56,"date":"2023-03-21T09:38:11","date_gmt":"2023-03-21T09:38:11","guid":{"rendered":"https:\/\/colsman-forming.com\/?page_id=56"},"modified":"2026-04-01T07:09:30","modified_gmt":"2026-04-01T07:09:30","slug":"spanende-nachbearbeitung","status":"publish","type":"page","link":"https:\/\/colsman-forming.com\/en\/kompetenzen\/spanende-nachbearbeitung\/","title":{"rendered":"Machining finishing"},"content":{"rendered":"","protected":false},"excerpt":{"rendered":"","protected":false},"author":1,"featured_media":0,"parent":295,"menu_order":11,"comment_status":"closed","ping_status":"closed","template":"","meta":{"_acf_changed":false,"_seopress_robots_primary_cat":"","_seopress_titles_title":"Colsman \u2014 Perfektion durch spanende Nachbearbeitung","_seopress_titles_desc":"H\u00f6chste Pr\u00e4zision bis ins kleinste Detail: Colsman optimiert Ihre Bauteile mit modernster spanender Nachbearbeitung \u2013 f\u00fcr perfekte Passgenauigkeit und Oberfl\u00e4chenqualit\u00e4t.","_seopress_robots_index":"","footnotes":""},"class_list":["post-56","page","type-page","status-publish","hentry"],"acf":[],"_links":{"self":[{"href":"https:\/\/colsman-forming.com\/en\/wp-json\/wp\/v2\/pages\/56","targetHints":{"allow":["GET"]}}],"collection":[{"href":"https:\/\/colsman-forming.com\/en\/wp-json\/wp\/v2\/pages"}],"about":[{"href":"https:\/\/colsman-forming.com\/en\/wp-json\/wp\/v2\/types\/page"}],"author":[{"embeddable":true,"href":"https:\/\/colsman-forming.com\/en\/wp-json\/wp\/v2\/users\/1"}],"replies":[{"embeddable":true,"href":"https:\/\/colsman-forming.com\/en\/wp-json\/wp\/v2\/comments?post=56"}],"version-history":[{"count":1,"href":"https:\/\/colsman-forming.com\/en\/wp-json\/wp\/v2\/pages\/56\/revisions"}],"predecessor-version":[{"id":304,"href":"https:\/\/colsman-forming.com\/en\/wp-json\/wp\/v2\/pages\/56\/revisions\/304"}],"up":[{"embeddable":true,"href":"https:\/\/colsman-forming.com\/en\/wp-json\/wp\/v2\/pages\/295"}],"wp:attachment":[{"href":"https:\/\/colsman-forming.com\/en\/wp-json\/wp\/v2\/media?parent=56"}],"curies":[{"name":"wp","href":"https:\/\/api.w.org\/{rel}","templated":true}]}}