{"id":52,"date":"2023-03-21T09:38:11","date_gmt":"2023-03-21T09:38:11","guid":{"rendered":"https:\/\/colsman-forming.com\/?page_id=52"},"modified":"2026-03-06T10:04:55","modified_gmt":"2026-03-06T10:04:55","slug":"druecken","status":"publish","type":"page","link":"https:\/\/colsman-forming.com\/en\/kompetenzen\/druecken\/","title":{"rendered":"Press"},"content":{"rendered":"","protected":false},"excerpt":{"rendered":"","protected":false},"author":1,"featured_media":0,"parent":295,"menu_order":7,"comment_status":"closed","ping_status":"closed","template":"","meta":{"_acf_changed":false,"_seopress_robots_primary_cat":"","_seopress_titles_title":"Colsman \u2014 Kompetenz im Dr\u00fccken","_seopress_titles_desc":"Erfahren Sie mehr \u00fcber das Dr\u00fcckverfahren bei Colsman. Mit h\u00f6chster Pr\u00e4zision und modernster Technik formen wir Metall f\u00fcr anspruchsvolle Anwendungen. Qualit\u00e4t und Innovation seit \u00fcber 200 Jahren.","_seopress_robots_index":"","footnotes":""},"class_list":["post-52","page","type-page","status-publish","hentry"],"acf":[],"_links":{"self":[{"href":"https:\/\/colsman-forming.com\/en\/wp-json\/wp\/v2\/pages\/52","targetHints":{"allow":["GET"]}}],"collection":[{"href":"https:\/\/colsman-forming.com\/en\/wp-json\/wp\/v2\/pages"}],"about":[{"href":"https:\/\/colsman-forming.com\/en\/wp-json\/wp\/v2\/types\/page"}],"author":[{"embeddable":true,"href":"https:\/\/colsman-forming.com\/en\/wp-json\/wp\/v2\/users\/1"}],"replies":[{"embeddable":true,"href":"https:\/\/colsman-forming.com\/en\/wp-json\/wp\/v2\/comments?post=52"}],"version-history":[{"count":1,"href":"https:\/\/colsman-forming.com\/en\/wp-json\/wp\/v2\/pages\/52\/revisions"}],"predecessor-version":[{"id":301,"href":"https:\/\/colsman-forming.com\/en\/wp-json\/wp\/v2\/pages\/52\/revisions\/301"}],"up":[{"embeddable":true,"href":"https:\/\/colsman-forming.com\/en\/wp-json\/wp\/v2\/pages\/295"}],"wp:attachment":[{"href":"https:\/\/colsman-forming.com\/en\/wp-json\/wp\/v2\/media?parent=52"}],"curies":[{"name":"wp","href":"https:\/\/api.w.org\/{rel}","templated":true}]}}