{"id":49,"date":"2023-03-21T09:38:11","date_gmt":"2023-03-21T09:38:11","guid":{"rendered":"https:\/\/colsman-forming.com\/?page_id=49"},"modified":"2026-03-06T10:04:08","modified_gmt":"2026-03-06T10:04:08","slug":"umform-prozesse","status":"publish","type":"page","link":"https:\/\/colsman-forming.com\/en\/umform-prozesse\/","title":{"rendered":"Forming processes"},"content":{"rendered":"","protected":false},"excerpt":{"rendered":"","protected":false},"author":1,"featured_media":220,"parent":0,"menu_order":4,"comment_status":"closed","ping_status":"closed","template":"","meta":{"_acf_changed":false,"_seopress_robots_primary_cat":"","_seopress_titles_title":"Colsman \u2014 Effiziente Umform-Prozesse f\u00fcr h\u00f6chste Pr\u00e4zision","_seopress_titles_desc":"Innovative Umformtechnik f\u00fcr anspruchsvolle Bauteile: Colsman bietet pr\u00e4zise Tiefzieh-, Dr\u00fcck- und Stanzverfahren f\u00fcr individuelle L\u00f6sungen in der Metallverarbeitung.","_seopress_robots_index":"","footnotes":""},"class_list":["post-49","page","type-page","status-publish","has-post-thumbnail","hentry"],"acf":[],"_links":{"self":[{"href":"https:\/\/colsman-forming.com\/en\/wp-json\/wp\/v2\/pages\/49","targetHints":{"allow":["GET"]}}],"collection":[{"href":"https:\/\/colsman-forming.com\/en\/wp-json\/wp\/v2\/pages"}],"about":[{"href":"https:\/\/colsman-forming.com\/en\/wp-json\/wp\/v2\/types\/page"}],"author":[{"embeddable":true,"href":"https:\/\/colsman-forming.com\/en\/wp-json\/wp\/v2\/users\/1"}],"replies":[{"embeddable":true,"href":"https:\/\/colsman-forming.com\/en\/wp-json\/wp\/v2\/comments?post=49"}],"version-history":[{"count":1,"href":"https:\/\/colsman-forming.com\/en\/wp-json\/wp\/v2\/pages\/49\/revisions"}],"predecessor-version":[{"id":250,"href":"https:\/\/colsman-forming.com\/en\/wp-json\/wp\/v2\/pages\/49\/revisions\/250"}],"wp:featuredmedia":[{"embeddable":true,"href":"https:\/\/colsman-forming.com\/en\/wp-json\/wp\/v2\/media\/220"}],"wp:attachment":[{"href":"https:\/\/colsman-forming.com\/en\/wp-json\/wp\/v2\/media?parent=49"}],"curies":[{"name":"wp","href":"https:\/\/api.w.org\/{rel}","templated":true}]}}