{"id":335,"date":"2025-01-09T08:34:00","date_gmt":"2025-01-09T08:34:00","guid":{"rendered":"https:\/\/colsman-forming.com\/?page_id=335"},"modified":"2026-03-06T10:04:07","modified_gmt":"2026-03-06T10:04:07","slug":"branchen","status":"publish","type":"page","link":"https:\/\/colsman-forming.com\/en\/branchen\/","title":{"rendered":"Industries"},"content":{"rendered":"","protected":false},"excerpt":{"rendered":"","protected":false},"author":1,"featured_media":0,"parent":0,"menu_order":0,"comment_status":"closed","ping_status":"closed","template":"","meta":{"_acf_changed":false,"_seopress_robots_primary_cat":"","_seopress_titles_title":"Colsman \u2014\u00a0Pr\u00e4zise Fertigung f\u00fcr viele Branchen","_seopress_titles_desc":"Colsman bietet innovative L\u00f6sungen f\u00fcr Branchen wie Automotive, Medical, Industrie & mehr. Pr\u00e4zision und Qualit\u00e4t f\u00fcr Ihre Fertigung.","_seopress_robots_index":"","footnotes":""},"class_list":["post-335","page","type-page","status-publish","hentry"],"acf":[],"_links":{"self":[{"href":"https:\/\/colsman-forming.com\/en\/wp-json\/wp\/v2\/pages\/335","targetHints":{"allow":["GET"]}}],"collection":[{"href":"https:\/\/colsman-forming.com\/en\/wp-json\/wp\/v2\/pages"}],"about":[{"href":"https:\/\/colsman-forming.com\/en\/wp-json\/wp\/v2\/types\/page"}],"author":[{"embeddable":true,"href":"https:\/\/colsman-forming.com\/en\/wp-json\/wp\/v2\/users\/1"}],"replies":[{"embeddable":true,"href":"https:\/\/colsman-forming.com\/en\/wp-json\/wp\/v2\/comments?post=335"}],"version-history":[{"count":4,"href":"https:\/\/colsman-forming.com\/en\/wp-json\/wp\/v2\/pages\/335\/revisions"}],"predecessor-version":[{"id":392,"href":"https:\/\/colsman-forming.com\/en\/wp-json\/wp\/v2\/pages\/335\/revisions\/392"}],"wp:attachment":[{"href":"https:\/\/colsman-forming.com\/en\/wp-json\/wp\/v2\/media?parent=335"}],"curies":[{"name":"wp","href":"https:\/\/api.w.org\/{rel}","templated":true}]}}