{"id":327,"date":"2025-01-09T08:32:42","date_gmt":"2025-01-09T08:32:42","guid":{"rendered":"https:\/\/colsman-forming.com\/?page_id=327"},"modified":"2026-03-06T10:04:07","modified_gmt":"2026-03-06T10:04:07","slug":"maschinenbau-und-industrie","status":"publish","type":"page","link":"https:\/\/colsman-forming.com\/en\/branchen\/maschinenbau-und-industrie\/","title":{"rendered":"Mechanical engineering and industry"},"content":{"rendered":"","protected":false},"excerpt":{"rendered":"","protected":false},"author":1,"featured_media":0,"parent":335,"menu_order":0,"comment_status":"closed","ping_status":"closed","template":"","meta":{"_acf_changed":false,"_seopress_robots_primary_cat":"","_seopress_titles_title":"Colsman \u2014 Pr\u00e4zision im Maschinenbau","_seopress_titles_desc":"Colsman liefert pr\u00e4zise L\u00f6sungen f\u00fcr den Maschinenbau. Qualit\u00e4t und Innovation f\u00fcr Ihre technischen Projekte.","_seopress_robots_index":"","footnotes":""},"class_list":["post-327","page","type-page","status-publish","hentry"],"acf":[],"_links":{"self":[{"href":"https:\/\/colsman-forming.com\/en\/wp-json\/wp\/v2\/pages\/327","targetHints":{"allow":["GET"]}}],"collection":[{"href":"https:\/\/colsman-forming.com\/en\/wp-json\/wp\/v2\/pages"}],"about":[{"href":"https:\/\/colsman-forming.com\/en\/wp-json\/wp\/v2\/types\/page"}],"author":[{"embeddable":true,"href":"https:\/\/colsman-forming.com\/en\/wp-json\/wp\/v2\/users\/1"}],"replies":[{"embeddable":true,"href":"https:\/\/colsman-forming.com\/en\/wp-json\/wp\/v2\/comments?post=327"}],"version-history":[{"count":2,"href":"https:\/\/colsman-forming.com\/en\/wp-json\/wp\/v2\/pages\/327\/revisions"}],"predecessor-version":[{"id":430,"href":"https:\/\/colsman-forming.com\/en\/wp-json\/wp\/v2\/pages\/327\/revisions\/430"}],"up":[{"embeddable":true,"href":"https:\/\/colsman-forming.com\/en\/wp-json\/wp\/v2\/pages\/335"}],"wp:attachment":[{"href":"https:\/\/colsman-forming.com\/en\/wp-json\/wp\/v2\/media?parent=327"}],"curies":[{"name":"wp","href":"https:\/\/api.w.org\/{rel}","templated":true}]}}