{"id":319,"date":"2025-01-09T08:32:10","date_gmt":"2025-01-09T08:32:10","guid":{"rendered":"https:\/\/colsman-forming.com\/?page_id=319"},"modified":"2026-03-06T10:04:07","modified_gmt":"2026-03-06T10:04:07","slug":"medical-pharma","status":"publish","type":"page","link":"https:\/\/colsman-forming.com\/en\/branchen\/medical-pharma\/","title":{"rendered":"Medical \/ Pharma"},"content":{"rendered":"","protected":false},"excerpt":{"rendered":"","protected":false},"author":1,"featured_media":0,"parent":335,"menu_order":0,"comment_status":"closed","ping_status":"closed","template":"","meta":{"_acf_changed":false,"_seopress_robots_primary_cat":"","_seopress_titles_title":"Colsman \u2014 L\u00f6sungen f\u00fcr Medical & Pharma","_seopress_titles_desc":"Colsman bietet pr\u00e4zise Fertigung f\u00fcr Medical & Pharma. H\u00f6chste Qualit\u00e4t und Zuverl\u00e4ssigkeit f\u00fcr Ihre Anwendungen.","_seopress_robots_index":"","footnotes":""},"class_list":["post-319","page","type-page","status-publish","hentry"],"acf":[],"_links":{"self":[{"href":"https:\/\/colsman-forming.com\/en\/wp-json\/wp\/v2\/pages\/319","targetHints":{"allow":["GET"]}}],"collection":[{"href":"https:\/\/colsman-forming.com\/en\/wp-json\/wp\/v2\/pages"}],"about":[{"href":"https:\/\/colsman-forming.com\/en\/wp-json\/wp\/v2\/types\/page"}],"author":[{"embeddable":true,"href":"https:\/\/colsman-forming.com\/en\/wp-json\/wp\/v2\/users\/1"}],"replies":[{"embeddable":true,"href":"https:\/\/colsman-forming.com\/en\/wp-json\/wp\/v2\/comments?post=319"}],"version-history":[{"count":3,"href":"https:\/\/colsman-forming.com\/en\/wp-json\/wp\/v2\/pages\/319\/revisions"}],"predecessor-version":[{"id":370,"href":"https:\/\/colsman-forming.com\/en\/wp-json\/wp\/v2\/pages\/319\/revisions\/370"}],"up":[{"embeddable":true,"href":"https:\/\/colsman-forming.com\/en\/wp-json\/wp\/v2\/pages\/335"}],"wp:attachment":[{"href":"https:\/\/colsman-forming.com\/en\/wp-json\/wp\/v2\/media?parent=319"}],"curies":[{"name":"wp","href":"https:\/\/api.w.org\/{rel}","templated":true}]}}