{"id":18,"date":"2021-12-14T12:24:12","date_gmt":"2021-12-14T12:24:12","guid":{"rendered":"https:\/\/colsman-forming.com\/?page_id=18"},"modified":"2026-03-06T10:04:08","modified_gmt":"2026-03-06T10:04:08","slug":"startseite","status":"publish","type":"page","link":"https:\/\/colsman-forming.com\/en\/","title":{"rendered":"Homepage"},"content":{"rendered":"","protected":false},"excerpt":{"rendered":"","protected":false},"author":1,"featured_media":233,"parent":0,"menu_order":0,"comment_status":"closed","ping_status":"closed","template":"","meta":{"_acf_changed":false,"_seopress_robots_primary_cat":"","_seopress_titles_title":"Colsman \u2014 Metallumformung & Metallverarbeitung aus Werdohl","_seopress_titles_desc":"Colsman ist Ihr Spezialist f\u00fcr Metallumformung aus Werdohl. Mit \u00fcber 200 Jahren Erfahrung fertigen wir hochwertige Metallkomponenten f\u00fcr unterschiedlichste Branchen.","_seopress_robots_index":"","footnotes":""},"class_list":["post-18","page","type-page","status-publish","has-post-thumbnail","hentry"],"acf":[],"_links":{"self":[{"href":"https:\/\/colsman-forming.com\/en\/wp-json\/wp\/v2\/pages\/18","targetHints":{"allow":["GET"]}}],"collection":[{"href":"https:\/\/colsman-forming.com\/en\/wp-json\/wp\/v2\/pages"}],"about":[{"href":"https:\/\/colsman-forming.com\/en\/wp-json\/wp\/v2\/types\/page"}],"author":[{"embeddable":true,"href":"https:\/\/colsman-forming.com\/en\/wp-json\/wp\/v2\/users\/1"}],"replies":[{"embeddable":true,"href":"https:\/\/colsman-forming.com\/en\/wp-json\/wp\/v2\/comments?post=18"}],"version-history":[{"count":3,"href":"https:\/\/colsman-forming.com\/en\/wp-json\/wp\/v2\/pages\/18\/revisions"}],"predecessor-version":[{"id":396,"href":"https:\/\/colsman-forming.com\/en\/wp-json\/wp\/v2\/pages\/18\/revisions\/396"}],"wp:featuredmedia":[{"embeddable":true,"href":"https:\/\/colsman-forming.com\/en\/wp-json\/wp\/v2\/media\/233"}],"wp:attachment":[{"href":"https:\/\/colsman-forming.com\/en\/wp-json\/wp\/v2\/media?parent=18"}],"curies":[{"name":"wp","href":"https:\/\/api.w.org\/{rel}","templated":true}]}}